{"id":235857,"date":"2024-02-02T12:19:53","date_gmt":"2024-02-02T11:19:53","guid":{"rendered":"https:\/\/www.esff.fr\/student-life\/"},"modified":"2024-11-18T09:46:24","modified_gmt":"2024-11-18T08:46:24","slug":"student-life","status":"publish","type":"page","link":"https:\/\/www.esff.fr\/en\/student-life\/","title":{"rendered":"Student life"},"content":{"rendered":"<p>[et_pb_section fb_built=&#8221;1&#8243; admin_label=&#8221;Banni\u00e8re&#8221; module_class=&#8221;bandeauPageInt&#8221; _builder_version=&#8221;4.24.0&#8243; _module_preset=&#8221;default&#8221; width=&#8221;100%&#8221; max_width=&#8221;100%&#8221; custom_margin=&#8221;0px|0px|0px|0px|false|false&#8221; custom_padding=&#8221;0px|0px|0px|0px|false|false&#8221; collapsed=&#8221;off&#8221; global_colors_info=&#8221;{}&#8221;][et_pb_row _builder_version=&#8221;4.24.0&#8243; _module_preset=&#8221;default&#8221; width=&#8221;100%&#8221; max_width=&#8221;100%&#8221; custom_margin=&#8221;0px|0px|0px|0px|false|false&#8221; custom_padding=&#8221;0px|0px|0px|0px|false|false&#8221; global_colors_info=&#8221;{}&#8221;][et_pb_column type=&#8221;4_4&#8243; _builder_version=&#8221;4.24.0&#8243; _module_preset=&#8221;default&#8221; global_colors_info=&#8221;{}&#8221;][et_pb_image src=&#8221;https:\/\/www.esff.fr\/wp-content\/uploads\/2024\/02\/esff_vie-etudiante-bg.jpg&#8221; title_text=&#8221;ESFF&#8221; force_fullwidth=&#8221;on&#8221; _builder_version=&#8221;4.24.0&#8243; _module_preset=&#8221;default&#8221; global_colors_info=&#8221;{}&#8221;][\/et_pb_image][et_pb_text module_class=&#8221;titreBannierePage&#8221; _builder_version=&#8221;4.24.0&#8243; _module_preset=&#8221;default&#8221; header_text_color=&#8221;#FFFFFF&#8221; header_font_size=&#8221;28px&#8221; hover_enabled=&#8221;0&#8243; global_colors_info=&#8221;{}&#8221; sticky_enabled=&#8221;0&#8243;]<\/p>\n<h1>Student life<\/h1>\n<p>[\/et_pb_text][\/et_pb_column][\/et_pb_row][\/et_pb_section][et_pb_section fb_built=&#8221;1&#8243; admin_label=&#8221;Bloc contenu&#8221; module_class=&#8221;blocBorderColor noBorderRight&#8221; _builder_version=&#8221;4.24.0&#8243; _module_preset=&#8221;default&#8221; positioning=&#8221;none&#8221; global_colors_info=&#8221;{}&#8221;][et_pb_row module_class=&#8221;ligne-t1-t2&#8243; _builder_version=&#8221;4.24.0&#8243; _module_preset=&#8221;default&#8221; width=&#8221;90%&#8221; max_width=&#8221;90%&#8221; custom_margin=&#8221;|0px|||false|false&#8221; global_colors_info=&#8221;{}&#8221;][et_pb_column type=&#8221;4_4&#8243; _builder_version=&#8221;4.24.0&#8243; _module_preset=&#8221;default&#8221; global_colors_info=&#8221;{}&#8221;][et_pb_text admin_label=&#8221;Texte Titre 2&#8243; module_class=&#8221;bloc-titre2 gauche&#8221; _builder_version=&#8221;4.24.0&#8243; _module_preset=&#8221;default&#8221; global_colors_info=&#8221;{}&#8221;]<\/p>\n<h2>Informations Cl\u00e9s<\/h2>\n<p>[\/et_pb_text][\/et_pb_column][\/et_pb_row][et_pb_row column_structure=&#8221;2_3,1_3&#8243; use_custom_gutter=&#8221;on&#8221; module_class=&#8221;bordure&#8221; _builder_version=&#8221;4.24.0&#8243; _module_preset=&#8221;default&#8221; width=&#8221;90%&#8221; max_width=&#8221;90%&#8221; custom_margin=&#8221;|0px|||false|false&#8221; global_colors_info=&#8221;{}&#8221;][et_pb_column type=&#8221;2_3&#8243; _builder_version=&#8221;4.24.0&#8243; _module_preset=&#8221;default&#8221; global_colors_info=&#8221;{}&#8221;][et_pb_text _builder_version=&#8221;4.24.0&#8243; _module_preset=&#8221;default&#8221; global_colors_info=&#8221;{}&#8221;]<\/p>\n<h3>Salle \u00c9tudiante<\/h3>\n<p>L&#8217;ESFF offre une salle \u00ab BDE \u00bb pour la restauration et la d\u00e9tente des \u00e9tudiants, favorisant les interactions et la coh\u00e9sion.<br \/><a href=\"https:\/\/www.esff.fr\/letablissement\/\">En savoir plus<\/a><\/p>\n<h3>Restauration<\/h3>\n<ul>\n<li aria-level=\"1\">Restaurant du centre technique pour les apprentis financ\u00e9s par l&#8217;\u00e9cole.<\/li>\n<li aria-level=\"1\">Proximit\u00e9 de commerces \u00e0 S\u00e8vres pour d&#8217;autres options.<\/li>\n<\/ul>\n<p><a href=\"https:\/\/www.esff.fr\/letablissement\/\">En savoir plus<\/a><\/p>\n<h3>Moyens Technologiques<\/h3>\n<p>Formation sur des outils tels que Catia V5, QuickCast, et ForgeNXT, avec acc\u00e8s aux licences et \u00e0 distance.<br \/><a href=\"https:\/\/www.esff.fr\/letablissement\/\">En savoir plus<\/a><\/p>\n<h3>Biblioth\u00e8que<\/h3>\n<p>Ressources sp\u00e9cialis\u00e9es \u00e0 l&#8217;ESFF et acc\u00e8s au CETIM pour la recherche.<br \/><a href=\"https:\/\/www.esff.fr\/letablissement\/\">En savoir plus<\/a><\/p>\n<h3>H\u00e9bergement<\/h3>\n<p>Options diverses incluant &#8220;S\u00e8vres \u00e9tude&#8221;, &#8220;Stud\u00e9a&#8221;, et r\u00e9seaux de colocation via BDE et l&#8217;application JINKA.<br \/><a href=\"https:\/\/www.esff.fr\/aide-et-logement\/\">En savoir plus<\/a><\/p>\n<h3>Aides Financi\u00e8res<\/h3>\n<p>Carte \u00e9tudiante, APL, ALS, aides sp\u00e9cifiques comme LOCA PASS, MOBILI Jeunes, et soutien pour permis de conduire et transport.<br \/><a href=\"https:\/\/www.esff.fr\/aide-et-logement\/\">En savoir plus<\/a><\/p>\n<h3>Portraits d&#8217;\u00e9tudiants<\/h3>\n<p>L&#8217;ESFF accueille des \u00e9tudiants aux parcours diversifi\u00e9s, mettant en lumi\u00e8re leurs histoires et exp\u00e9riences uniques.<br \/><a href=\"https:\/\/www.esff.fr\/portraits-detudiants\/\">En savoir plus<\/a><\/p>\n<h3>Associations<\/h3>\n<p><strong>AEESF<\/strong> : Promeut la vie \u00e9tudiante, organise des \u00e9v\u00e9nements et projets.<br \/><strong>AAESFF<\/strong> : R\u00e9seau d&#8217;anciens \u00e9l\u00e8ves, soutien financier, liaison avec l&#8217;industrie et \u00e9v\u00e9nements professionnels.<br \/><a href=\"https:\/\/www.esff.fr\/vie-associative\/\">En savoir plus<\/a><\/p>\n<p>[\/et_pb_text][et_pb_divider show_divider=&#8221;off&#8221; _builder_version=&#8221;4.24.0&#8243; _module_preset=&#8221;default&#8221; height=&#8221;20px&#8221; global_colors_info=&#8221;{}&#8221;][\/et_pb_divider][et_pb_text _builder_version=&#8221;4.24.0&#8243; _module_preset=&#8221;default&#8221; global_colors_info=&#8221;{}&#8221;]<\/p>\n<blockquote>\n<p><strong>En somme, l&#8217;ESFF offre un environnement acad\u00e9mique enrichissant avec des infrastructures modernes, des ressources diversifi\u00e9es, des options d&#8217;h\u00e9bergement, et un r\u00e9seau actif d&#8217;associations \u00e9tudiantes et d&#8217;anciens \u00e9l\u00e8ves.<\/strong><\/p>\n<\/blockquote>\n<p>[\/et_pb_text][\/et_pb_column][et_pb_column type=&#8221;1_3&#8243; _builder_version=&#8221;4.24.0&#8243; _module_preset=&#8221;default&#8221; global_colors_info=&#8221;{}&#8221;][et_pb_image src=&#8221;https:\/\/www.esff.fr\/wp-content\/uploads\/2024\/02\/esff_aide-logement-2.jpg&#8221; title_text=&#8221;vie_associative_amicale&#8221; _builder_version=&#8221;4.24.0&#8243; _module_preset=&#8221;default&#8221; global_colors_info=&#8221;{}&#8221;][\/et_pb_image][\/et_pb_column][\/et_pb_row][\/et_pb_section]<\/p>\n","protected":false},"excerpt":{"rendered":"<p>Student lifeInformations Cl\u00e9sSalle \u00c9tudiante L&#8217;ESFF offre une salle \u00ab BDE \u00bb pour la restauration et la d\u00e9tente des \u00e9tudiants, favorisant les interactions et la coh\u00e9sion.En savoir plus Restauration Restaurant du centre technique pour les apprentis financ\u00e9s par l&#8217;\u00e9cole. Proximit\u00e9 de commerces \u00e0 S\u00e8vres pour d&#8217;autres options. En savoir plus Moyens Technologiques Formation sur des outils [&hellip;]<\/p>\n","protected":false},"author":1,"featured_media":0,"parent":0,"menu_order":0,"comment_status":"closed","ping_status":"closed","template":"","meta":{"_acf_changed":false,"_et_pb_use_builder":"on","_et_pb_old_content":"","_et_gb_content_width":"","footnotes":""},"class_list":["post-235857","page","type-page","status-publish","hentry"],"acf":[],"yoast_head":"<!-- This site is optimized with the Yoast SEO plugin v26.9 - https:\/\/yoast.com\/product\/yoast-seo-wordpress\/ -->\n<title>Student life - ESFF - Ecole Sup\u00e9rieure de Fonderie et de Forge<\/title>\n<meta name=\"description\" content=\"Find all the key information on student life at ESFF, Ecole Sup\u00e9rieure de Fonderie et de Forge now!\" \/>\n<meta name=\"robots\" content=\"index, follow, max-snippet:-1, max-image-preview:large, max-video-preview:-1\" \/>\n<link rel=\"canonical\" href=\"https:\/\/www.esff.fr\/en\/student-life\/\" \/>\n<meta property=\"og:locale\" content=\"en_US\" \/>\n<meta property=\"og:type\" content=\"article\" \/>\n<meta property=\"og:title\" content=\"Student life - ESFF - Ecole Sup\u00e9rieure de Fonderie et de Forge\" \/>\n<meta property=\"og:description\" content=\"Find all the key information on student life at ESFF, Ecole Sup\u00e9rieure de Fonderie et de Forge now!\" \/>\n<meta property=\"og:url\" content=\"https:\/\/www.esff.fr\/en\/student-life\/\" \/>\n<meta property=\"og:site_name\" content=\"ESFF - Ecole Sup\u00e9rieure de Fonderie et de Forge\" \/>\n<meta property=\"article:modified_time\" content=\"2024-11-18T08:46:24+00:00\" \/>\n<meta name=\"twitter:card\" content=\"summary_large_image\" \/>\n<meta name=\"twitter:label1\" content=\"Est. reading time\" \/>\n\t<meta name=\"twitter:data1\" content=\"3 minutes\" \/>\n<script type=\"application\/ld+json\" class=\"yoast-schema-graph\">{\"@context\":\"https:\/\/schema.org\",\"@graph\":[{\"@type\":\"WebPage\",\"@id\":\"https:\/\/www.esff.fr\/en\/student-life\/\",\"url\":\"https:\/\/www.esff.fr\/en\/student-life\/\",\"name\":\"Student life - ESFF - Ecole Sup\u00e9rieure de Fonderie et de Forge\",\"isPartOf\":{\"@id\":\"https:\/\/www.esff.fr\/en\/#website\"},\"datePublished\":\"2024-02-02T11:19:53+00:00\",\"dateModified\":\"2024-11-18T08:46:24+00:00\",\"description\":\"Find all the key information on student life at ESFF, Ecole Sup\u00e9rieure de Fonderie et de Forge now!\",\"breadcrumb\":{\"@id\":\"https:\/\/www.esff.fr\/en\/student-life\/#breadcrumb\"},\"inLanguage\":\"en-US\",\"potentialAction\":[{\"@type\":\"ReadAction\",\"target\":[\"https:\/\/www.esff.fr\/en\/student-life\/\"]}]},{\"@type\":\"BreadcrumbList\",\"@id\":\"https:\/\/www.esff.fr\/en\/student-life\/#breadcrumb\",\"itemListElement\":[{\"@type\":\"ListItem\",\"position\":1,\"name\":\"Accueil\",\"item\":\"https:\/\/www.esff.fr\/en\/\"},{\"@type\":\"ListItem\",\"position\":2,\"name\":\"Student life\"}]},{\"@type\":\"WebSite\",\"@id\":\"https:\/\/www.esff.fr\/en\/#website\",\"url\":\"https:\/\/www.esff.fr\/en\/\",\"name\":\"ESFF - Ecole Sup\u00e9rieure de Fonderie et de Forge\",\"description\":\"\",\"potentialAction\":[{\"@type\":\"SearchAction\",\"target\":{\"@type\":\"EntryPoint\",\"urlTemplate\":\"https:\/\/www.esff.fr\/en\/?s={search_term_string}\"},\"query-input\":{\"@type\":\"PropertyValueSpecification\",\"valueRequired\":true,\"valueName\":\"search_term_string\"}}],\"inLanguage\":\"en-US\"}]}<\/script>\n<!-- \/ Yoast SEO plugin. -->","yoast_head_json":{"title":"Student life - ESFF - Ecole Sup\u00e9rieure de Fonderie et de Forge","description":"Find all the key information on student life at ESFF, Ecole Sup\u00e9rieure de Fonderie et de Forge now!","robots":{"index":"index","follow":"follow","max-snippet":"max-snippet:-1","max-image-preview":"max-image-preview:large","max-video-preview":"max-video-preview:-1"},"canonical":"https:\/\/www.esff.fr\/en\/student-life\/","og_locale":"en_US","og_type":"article","og_title":"Student life - ESFF - Ecole Sup\u00e9rieure de Fonderie et de Forge","og_description":"Find all the key information on student life at ESFF, Ecole Sup\u00e9rieure de Fonderie et de Forge now!","og_url":"https:\/\/www.esff.fr\/en\/student-life\/","og_site_name":"ESFF - Ecole Sup\u00e9rieure de Fonderie et de Forge","article_modified_time":"2024-11-18T08:46:24+00:00","twitter_card":"summary_large_image","twitter_misc":{"Est. reading time":"3 minutes"},"schema":{"@context":"https:\/\/schema.org","@graph":[{"@type":"WebPage","@id":"https:\/\/www.esff.fr\/en\/student-life\/","url":"https:\/\/www.esff.fr\/en\/student-life\/","name":"Student life - ESFF - Ecole Sup\u00e9rieure de Fonderie et de Forge","isPartOf":{"@id":"https:\/\/www.esff.fr\/en\/#website"},"datePublished":"2024-02-02T11:19:53+00:00","dateModified":"2024-11-18T08:46:24+00:00","description":"Find all the key information on student life at ESFF, Ecole Sup\u00e9rieure de Fonderie et de Forge now!","breadcrumb":{"@id":"https:\/\/www.esff.fr\/en\/student-life\/#breadcrumb"},"inLanguage":"en-US","potentialAction":[{"@type":"ReadAction","target":["https:\/\/www.esff.fr\/en\/student-life\/"]}]},{"@type":"BreadcrumbList","@id":"https:\/\/www.esff.fr\/en\/student-life\/#breadcrumb","itemListElement":[{"@type":"ListItem","position":1,"name":"Accueil","item":"https:\/\/www.esff.fr\/en\/"},{"@type":"ListItem","position":2,"name":"Student life"}]},{"@type":"WebSite","@id":"https:\/\/www.esff.fr\/en\/#website","url":"https:\/\/www.esff.fr\/en\/","name":"ESFF - Ecole Sup\u00e9rieure de Fonderie et de Forge","description":"","potentialAction":[{"@type":"SearchAction","target":{"@type":"EntryPoint","urlTemplate":"https:\/\/www.esff.fr\/en\/?s={search_term_string}"},"query-input":{"@type":"PropertyValueSpecification","valueRequired":true,"valueName":"search_term_string"}}],"inLanguage":"en-US"}]}},"_links":{"self":[{"href":"https:\/\/www.esff.fr\/en\/wp-json\/wp\/v2\/pages\/235857","targetHints":{"allow":["GET"]}}],"collection":[{"href":"https:\/\/www.esff.fr\/en\/wp-json\/wp\/v2\/pages"}],"about":[{"href":"https:\/\/www.esff.fr\/en\/wp-json\/wp\/v2\/types\/page"}],"author":[{"embeddable":true,"href":"https:\/\/www.esff.fr\/en\/wp-json\/wp\/v2\/users\/1"}],"replies":[{"embeddable":true,"href":"https:\/\/www.esff.fr\/en\/wp-json\/wp\/v2\/comments?post=235857"}],"version-history":[{"count":2,"href":"https:\/\/www.esff.fr\/en\/wp-json\/wp\/v2\/pages\/235857\/revisions"}],"predecessor-version":[{"id":235859,"href":"https:\/\/www.esff.fr\/en\/wp-json\/wp\/v2\/pages\/235857\/revisions\/235859"}],"wp:attachment":[{"href":"https:\/\/www.esff.fr\/en\/wp-json\/wp\/v2\/media?parent=235857"}],"curies":[{"name":"wp","href":"https:\/\/api.w.org\/{rel}","templated":true}]}}