{"id":235847,"date":"2024-01-23T09:50:51","date_gmt":"2024-01-23T08:50:51","guid":{"rendered":"https:\/\/www.esff.fr\/registration\/"},"modified":"2024-11-18T08:59:12","modified_gmt":"2024-11-18T07:59:12","slug":"registration","status":"publish","type":"page","link":"https:\/\/www.esff.fr\/en\/registration\/","title":{"rendered":"Registration"},"content":{"rendered":"<p>[et_pb_section fb_built=&#8221;1&#8243; admin_label=&#8221;Banni\u00e8re&#8221; module_class=&#8221;bandeauPageInt&#8221; _builder_version=&#8221;4.24.0&#8243; _module_preset=&#8221;default&#8221; width=&#8221;100%&#8221; max_width=&#8221;100%&#8221; custom_margin=&#8221;0px|0px|0px|0px|false|false&#8221; custom_padding=&#8221;0px|0px|0px|0px|false|false&#8221; collapsed=&#8221;off&#8221; global_colors_info=&#8221;{}&#8221;][et_pb_row _builder_version=&#8221;4.24.0&#8243; _module_preset=&#8221;default&#8221; width=&#8221;100%&#8221; max_width=&#8221;100%&#8221; custom_margin=&#8221;0px|0px|0px|0px|false|false&#8221; custom_padding=&#8221;0px|0px|0px|0px|false|false&#8221; global_colors_info=&#8221;{}&#8221;][et_pb_column type=&#8221;4_4&#8243; _builder_version=&#8221;4.24.0&#8243; _module_preset=&#8221;default&#8221; global_colors_info=&#8221;{}&#8221;][et_pb_image src=&#8221;https:\/\/www.esff.fr\/wp-content\/uploads\/2024\/02\/esff_inscriptions_bandeau.png&#8221; title_text=&#8221;esff_registration_bandeau&#8221; force_fullwidth=&#8221;on&#8221; _builder_version=&#8221;4.24.0&#8243; _module_preset=&#8221;default&#8221; global_colors_info=&#8221;{}&#8221;][\/et_pb_image][et_pb_text module_class=&#8221;titreBannierePage&#8221; _builder_version=&#8221;4.24.0&#8243; _module_preset=&#8221;default&#8221; header_text_color=&#8221;#FFFFFF&#8221; header_font_size=&#8221;28px&#8221; global_colors_info=&#8221;{}&#8221;]<\/p>\n<h1>Registration<\/h1>\n<p>[\/et_pb_text][\/et_pb_column][\/et_pb_row][\/et_pb_section][et_pb_section fb_built=&#8221;1&#8243; admin_label=&#8221;Section Navigation&#8221; module_class=&#8221;page-nav&#8221; _builder_version=&#8221;4.24.0&#8243; _module_preset=&#8221;default&#8221; collapsed=&#8221;off&#8221; global_colors_info=&#8221;{}&#8221;][et_pb_row _builder_version=&#8221;4.24.0&#8243; _module_preset=&#8221;default&#8221; global_colors_info=&#8221;{}&#8221;][et_pb_column type=&#8221;4_4&#8243; _builder_version=&#8221;4.24.0&#8243; _module_preset=&#8221;default&#8221; global_colors_info=&#8221;{}&#8221;][et_pb_button button_url=&#8221;#diplome-ingenieurGB&#8221; button_text=&#8221;Dipl\u00f4me d\u2019ing\u00e9nieur&#8221; module_class=&#8221;small&#8221; _builder_version=&#8221;4.24.0&#8243; _module_preset=&#8221;default&#8221; global_colors_info=&#8221;{}&#8221;][\/et_pb_button][et_pb_button button_url=&#8221;#formation-continue&#8221; button_text=&#8221;Formation continue&#8221; module_class=&#8221;small&#8221; _builder_version=&#8221;4.24.0&#8243; _module_preset=&#8221;default&#8221; global_colors_info=&#8221;{}&#8221;][\/et_pb_button][et_pb_button button_url=&#8221;#certificat-expert&#8221; button_text=&#8221;Certificat d&#039;expert&#8221; module_class=&#8221;small&#8221; _builder_version=&#8221;4.24.0&#8243; _module_preset=&#8221;default&#8221; global_colors_info=&#8221;{}&#8221;][\/et_pb_button][\/et_pb_column][\/et_pb_row][\/et_pb_section][et_pb_section fb_built=&#8221;1&#8243; admin_label=&#8221;Section Message inscription fermee&#8221; _builder_version=&#8221;4.24.0&#8243; _module_preset=&#8221;default&#8221; global_colors_info=&#8221;{}&#8221;][et_pb_row _builder_version=&#8221;4.24.0&#8243; _module_preset=&#8221;default&#8221; global_colors_info=&#8221;{}&#8221;][et_pb_column type=&#8221;4_4&#8243; _builder_version=&#8221;4.24.0&#8243; _module_preset=&#8221;default&#8221; global_colors_info=&#8221;{}&#8221;][et_pb_text _builder_version=&#8221;4.24.0&#8243; _module_preset=&#8221;default&#8221; global_colors_info=&#8221;{}&#8221;]<\/p>\n<h2 style=\"text-align: center;\">Les inscriptions pour la rentr\u00e9e 2024-2025 sont closes<\/h2>\n<p>[\/et_pb_text][\/et_pb_column][\/et_pb_row][\/et_pb_section][et_pb_section fb_built=&#8221;1&#8243; admin_label=&#8221;Bloc contenu Diplome ingenieur&#8221; module_id=&#8221;diplome-ingenieurGB&#8221; module_class=&#8221;blocBorderColor noBorderRight&#8221; _builder_version=&#8221;4.24.0&#8243; _module_preset=&#8221;default&#8221; positioning=&#8221;none&#8221; collapsed=&#8221;off&#8221; global_colors_info=&#8221;{}&#8221;][et_pb_row disabled_on=&#8221;off|off|off&#8221; module_class=&#8221;ligne-t1-t2&#8243; _builder_version=&#8221;4.24.0&#8243; _module_preset=&#8221;default&#8221; width=&#8221;90%&#8221; max_width=&#8221;90%&#8221; custom_margin=&#8221;|0px|||false|false&#8221; locked=&#8221;off&#8221; global_colors_info=&#8221;{}&#8221;][et_pb_column type=&#8221;4_4&#8243; _builder_version=&#8221;4.24.0&#8243; _module_preset=&#8221;default&#8221; global_colors_info=&#8221;{}&#8221;][et_pb_text admin_label=&#8221;Texte Titre 2 bloc&#8221; module_class=&#8221;bloc-titre2 gauche&#8221; _builder_version=&#8221;4.24.0&#8243; _module_preset=&#8221;default&#8221; global_colors_info=&#8221;{}&#8221;]<\/p>\n<h2>Inscription pour le dipl\u00f4me d\u2019ing\u00e9nieur en convention avec les Arts et M\u00e9tiers<\/h2>\n<p>[\/et_pb_text][\/et_pb_column][\/et_pb_row][et_pb_row column_structure=&#8221;1_3,1_3,1_3&#8243; use_custom_gutter=&#8221;on&#8221; module_class=&#8221;bordure bordure1&#8243; _builder_version=&#8221;4.24.0&#8243; _module_preset=&#8221;default&#8221; width=&#8221;90%&#8221; max_width=&#8221;90%&#8221; custom_margin=&#8221;|0px|||false|false&#8221; global_colors_info=&#8221;{}&#8221;][et_pb_column type=&#8221;1_3&#8243; _builder_version=&#8221;4.24.0&#8243; _module_preset=&#8221;default&#8221; global_colors_info=&#8221;{}&#8221;][et_pb_text _builder_version=&#8221;4.24.0&#8243; _module_preset=&#8221;default&#8221; global_colors_info=&#8221;{}&#8221;]<\/p>\n<p>Le recrutement des candidats pour la fili\u00e8re ing\u00e9nieur par apprentissage est ouvert aux \u00e9tudiants dipl\u00f4m\u00e9s d\u2019un BAC+2 (BTS, BUT 2, CPGE) ou d\u2019un BAC+3 (Licence L3 et Licence pro, BUT 3 et autres Bachelors.<\/p>\n<p>La s\u00e9lection est faite sur dossier et entretiens.<\/p>\n<p>Les \u00e9l\u00e8ves de CPGE PT peuvent s\u2019inscrire par ce mode s\u2019ils ne sont pas inscrits sur le concours de la fili\u00e8re Banque PT pour l\u2019ESFF.<\/p>\n<p>L\u2019admission sur titre et entretiens \u00e0 l\u2019Ecole sup\u00e9rieure de fonderie et de forge comporte deux phases :<\/p>\n<ul>\n<li aria-level=\"1\"><strong>Pr\u00e9s\u00e9lection au vu du dossier<\/strong><\/li>\n<li aria-level=\"1\"><strong>Entretiens \u00e0 distance avec des enseignants<\/strong> (\u00e0 partir de d\u00e9but f\u00e9vrier)<\/li>\n<\/ul>\n<p>[\/et_pb_text][\/et_pb_column][et_pb_column type=&#8221;1_3&#8243; _builder_version=&#8221;4.24.0&#8243; _module_preset=&#8221;default&#8221; global_colors_info=&#8221;{}&#8221;][et_pb_text _builder_version=&#8221;4.24.0&#8243; _module_preset=&#8221;default&#8221; global_colors_info=&#8221;{}&#8221;]<\/p>\n<p><strong>La date limite d\u2019envoi de ce formulaire est fix\u00e9e au 31 mai de l\u2019ann\u00e9e universitaire en cours.<\/strong><\/p>\n<p>Une fois le formulaire ci-dessous rempli et envoy\u00e9, vous recevrez un mail pour t\u00e9l\u00e9charger des documents.<\/p>\n<p>Vous aurez besoin d\u2019une fiche d\u2019avis de poursuite d\u2019\u00e9tudes au cas o\u00f9 votre \u00e9tablissement d\u2019origine n\u2019en fournit pas. Si tel est le cas, merci de t\u00e9l\u00e9charger le document en cliquant sur le bouton ci-contre. <\/p>\n<p>[\/et_pb_text][et_pb_button button_url=&#8221;https:\/\/www.esff.fr\/wp-content\/uploads\/2024\/07\/fiche-poursuite-etudes-ESFF.pdf&#8221; button_text=&#8221;Fiche d&#039;avis de poursuite d&#039;\u00e9tude&#8221; module_class=&#8221;small telecharger&#8221; _builder_version=&#8221;4.24.0&#8243; _module_preset=&#8221;default&#8221; global_colors_info=&#8221;{}&#8221;][\/et_pb_button][\/et_pb_column][et_pb_column type=&#8221;1_3&#8243; _builder_version=&#8221;4.24.0&#8243; _module_preset=&#8221;default&#8221; global_colors_info=&#8221;{}&#8221;][et_pb_image src=&#8221;https:\/\/www.esff.fr\/wp-content\/uploads\/2024\/02\/esff-debouches-1.jpg&#8221; title_text=&#8221;ESFF&#8221; _builder_version=&#8221;4.24.0&#8243; _module_preset=&#8221;default&#8221; global_colors_info=&#8221;{}&#8221;][\/et_pb_image][\/et_pb_column][\/et_pb_row][et_pb_row use_custom_gutter=&#8221;on&#8221; admin_label=&#8221;Ligne Iframe MecavenirGB&#8221; module_class=&#8221;bordure bordure2 ligne-mecavenir&#8221; _builder_version=&#8221;4.24.0&#8243; _module_preset=&#8221;default&#8221; width=&#8221;90%&#8221; max_width=&#8221;90%&#8221; custom_margin=&#8221;|0px|||false|false&#8221; hover_enabled=&#8221;0&#8243; global_colors_info=&#8221;{}&#8221; disabled_on=&#8221;on|on|on&#8221; disabled=&#8221;on&#8221; sticky_enabled=&#8221;0&#8243;][et_pb_column type=&#8221;4_4&#8243; _builder_version=&#8221;4.24.0&#8243; _module_preset=&#8221;default&#8221; global_colors_info=&#8221;{}&#8221;][et_pb_text _builder_version=&#8221;4.24.0&#8243; _module_preset=&#8221;default&#8221; hover_enabled=&#8221;0&#8243; global_colors_info=&#8221;{}&#8221; sticky_enabled=&#8221;0&#8243;]<\/p>\n<p><iframe loading=\"lazy\" id=\"formulaire\" src=\"https:\/\/portail.mecavenir.com\/TWA\/Client\/Forms\/embed\/106\/?allowanonymous=1&amp;postaction=thankyou\" width=\"100%\" height=\"3000px\" frameborder=\"0\"><span style=\"display: inline-block; width: 0px; overflow: hidden; line-height: 0;\" data-mce-type=\"bookmark\" class=\"mce_SELRES_start\"><\/span><\/iframe><\/p>\n<p>[\/et_pb_text][\/et_pb_column][\/et_pb_row][\/et_pb_section][et_pb_section fb_built=&#8221;1&#8243; admin_label=&#8221;Bloc contenu Formation continue&#8221; module_id=&#8221;formation-continueGB&#8221; module_class=&#8221;blocBorderColor noBorderLeft&#8221; _builder_version=&#8221;4.24.0&#8243; _module_preset=&#8221;default&#8221; positioning=&#8221;none&#8221; locked=&#8221;off&#8221; collapsed=&#8221;on&#8221; global_colors_info=&#8221;{}&#8221;][et_pb_row module_class=&#8221;ligne-t1-t2&#8243; _builder_version=&#8221;4.24.0&#8243; _module_preset=&#8221;default&#8221; max_width=&#8221;80%&#8221; custom_margin=&#8221;||||false|false&#8221; global_colors_info=&#8221;{}&#8221;][et_pb_column type=&#8221;4_4&#8243; _builder_version=&#8221;4.24.0&#8243; _module_preset=&#8221;default&#8221; global_colors_info=&#8221;{}&#8221;][et_pb_text module_class=&#8221;bloc-titre2 droite&#8221; _builder_version=&#8221;4.24.0&#8243; _module_preset=&#8221;default&#8221; global_colors_info=&#8221;{}&#8221;]<\/p>\n<h2>Inscription formation continue<\/h2>\n<p>[\/et_pb_text][\/et_pb_column][\/et_pb_row][et_pb_row column_structure=&#8221;1_2,1_4,1_4&#8243; use_custom_gutter=&#8221;on&#8221; module_class=&#8221;bordure&#8221; _builder_version=&#8221;4.24.0&#8243; _module_preset=&#8221;default&#8221; width=&#8221;90%&#8221; max_width=&#8221;90%&#8221; custom_margin=&#8221;|||0px|false|false&#8221; custom_padding=&#8221;|||0px|false|false&#8221; global_colors_info=&#8221;{}&#8221;][et_pb_column type=&#8221;1_2&#8243; _builder_version=&#8221;4.24.0&#8243; _module_preset=&#8221;default&#8221; custom_padding=&#8221;|||0px|false|false&#8221; global_colors_info=&#8221;{}&#8221;][et_pb_image src=&#8221;https:\/\/www.esff.fr\/wp-content\/uploads\/2024\/02\/esff_inscription-2.jpg&#8221; title_text=&#8221;esff_registration-2&#8243; align=&#8221;center&#8221; _builder_version=&#8221;4.24.0&#8243; _module_preset=&#8221;default&#8221; global_colors_info=&#8221;{}&#8221;][\/et_pb_image][\/et_pb_column][et_pb_column type=&#8221;1_4&#8243; _builder_version=&#8221;4.24.0&#8243; _module_preset=&#8221;default&#8221; global_colors_info=&#8221;{}&#8221;][et_pb_text _builder_version=&#8221;4.24.0&#8243; _module_preset=&#8221;default&#8221; global_colors_info=&#8221;{}&#8221;]<\/p>\n<h3>Personnes concern\u00e9es<\/h3>\n<p>Salari\u00e9s depuis 3 ans au minimum d\u2019une entreprise de fonderie, de forge ou plus largement relevant des industries de la m\u00e9tallurgie, et titulaires d\u2019un dipl\u00f4me bac+2 ou bac+3 \u00e0 caract\u00e8re scientifique ou technologique (BTS, DUT, Licence\u2026)<\/p>\n<h3>Conditions d\u2019admission<\/h3>\n<p>Sur titre et entretien. L\u2019admission d\u00e9finitive ne peut \u00eatre prononc\u00e9e sans la pr\u00e9sentation d\u2019une lettre de soutien du candidat par son entreprise pour la formation envisag\u00e9e <\/p>\n<h3>D\u00e9roulement de la formation<\/h3>\n<p>La formation continue a pour r\u00f4le essentiel de promouvoir au titre d\u2019ing\u00e9nieur et \u00e0 des fonctions de haut niveau des salari\u00e9s volontaires et particuli\u00e8rement motiv\u00e9s. La formation s\u2019articule en deux cycles : un cycle pr\u00e9paratoire (un an) et un cycle terminal (2 ans). <br \/>Le cycle pr\u00e9paratoire est une ann\u00e9e de suivi des cours avec les \u00e9l\u00e8ves de premi\u00e8re ann\u00e9e sans attribution de cr\u00e9dits. Le salari\u00e9 doit r\u00e9aliser l\u2019ensemble des examens et \u00e0 l\u2019issue, un jury d\u00e9cide du passage en cycle terminal. Les \u00e9l\u00e8ves int\u00e8grent alors la deuxi\u00e8me ann\u00e9e de la fili\u00e8re initiale par apprentissage. Leur formation \u00e0 l\u2019\u00e9cole est totalement identique \u00e0 celle des \u00e9l\u00e8ves apprentis de cette fili\u00e8re, pour la deuxi\u00e8me ann\u00e9e comme pour la troisi\u00e8me ann\u00e9e.   <\/p>\n<p>[\/et_pb_text][\/et_pb_column][et_pb_column type=&#8221;1_4&#8243; _builder_version=&#8221;4.24.0&#8243; _module_preset=&#8221;default&#8221; global_colors_info=&#8221;{}&#8221;][et_pb_text _builder_version=&#8221;4.24.0&#8243; _module_preset=&#8221;default&#8221; global_colors_info=&#8221;{}&#8221;]<\/p>\n<p>Cependant, en ce qui concerne les p\u00e9riodes en entreprise, les \u00e9l\u00e8ves de formation continue pr\u00e9parent d\u00e8s la premi\u00e8re p\u00e9riode un travail pr\u00e9paratoire au projet de fin d\u2019\u00e9tudes qu\u2019ils poursuivront sur les deux autres p\u00e9riodes, de telle sorte \u00e0 pr\u00e9senter en fin du cycle terminal un v\u00e9ritable m\u00e9moire d\u2019ing\u00e9nieur.<\/p>\n<p>Les \u00e9l\u00e8ves de formation continue participent aux voyages d\u2019\u00e9tudes organis\u00e9s pour la fili\u00e8re initiale par apprentissage.<\/p>\n<h3>Droits de scolarit\u00e9<\/h3>\n<p>4500 \u20ac pour le cycle pr\u00e9paratoire<br \/>24000 \u20ac pour le cycle terminal (2 ans)<br \/>Le FONGECIF r\u00e9gional participe habituellement au financement, au moins partiel, du cycle terminal (salaire et frais de scolarit\u00e9).<\/p>\n<p>Les salari\u00e9s candidats doivent fournir un CV et une lettre de motivation appuy\u00e9e par leur entreprise d\u2019origine (voir <a href=\"mailto:contact@esff.fr\">contact@esff.fr<\/a>).<\/p>\n<p>Un jury sp\u00e9cifique est mis en place pour examiner les candidatures.<\/p>\n<p>[\/et_pb_text][\/et_pb_column][\/et_pb_row][\/et_pb_section][et_pb_section fb_built=&#8221;1&#8243; admin_label=&#8221;Bloc contenu Certificat d\u2019expert&#8221; module_id=&#8221;certificat-expert&#8221; module_class=&#8221;blocBorderColor noBorderRight&#8221; _builder_version=&#8221;4.24.0&#8243; _module_preset=&#8221;default&#8221; positioning=&#8221;none&#8221; collapsed=&#8221;off&#8221; global_colors_info=&#8221;{}&#8221;][et_pb_row disabled_on=&#8221;off|off|off&#8221; module_class=&#8221;ligne-t1-t2&#8243; _builder_version=&#8221;4.24.0&#8243; _module_preset=&#8221;default&#8221; width=&#8221;90%&#8221; max_width=&#8221;90%&#8221; custom_margin=&#8221;|0px|||false|false&#8221; locked=&#8221;off&#8221; global_colors_info=&#8221;{}&#8221;][et_pb_column type=&#8221;4_4&#8243; _builder_version=&#8221;4.24.0&#8243; _module_preset=&#8221;default&#8221; global_colors_info=&#8221;{}&#8221;][et_pb_text admin_label=&#8221;Texte Titre 2 bloc&#8221; module_class=&#8221;bloc-titre2 gauche&#8221; _builder_version=&#8221;4.24.0&#8243; _module_preset=&#8221;default&#8221; global_colors_info=&#8221;{}&#8221;]<\/p>\n<h2>Inscription pour le certificat d\u2019expert<\/h2>\n<p>[\/et_pb_text][\/et_pb_column][\/et_pb_row][et_pb_row column_structure=&#8221;1_3,1_3,1_3&#8243; use_custom_gutter=&#8221;on&#8221; module_class=&#8221;bordure&#8221; _builder_version=&#8221;4.24.0&#8243; _module_preset=&#8221;default&#8221; width=&#8221;90%&#8221; max_width=&#8221;90%&#8221; custom_margin=&#8221;|0px|||false|false&#8221; global_colors_info=&#8221;{}&#8221;][et_pb_column type=&#8221;1_3&#8243; _builder_version=&#8221;4.24.0&#8243; _module_preset=&#8221;default&#8221; global_colors_info=&#8221;{}&#8221;][et_pb_text _builder_version=&#8221;4.24.0&#8243; _module_preset=&#8221;default&#8221; global_colors_info=&#8221;{}&#8221;]<\/p>\n<h3>Etudiants concern\u00e9s<\/h3>\n<p>Jeunes ing\u00e9nieurs dipl\u00f4m\u00e9s, titulaires d\u2019un master 2 ou d\u2019un dipl\u00f4me BAC+5 \u00e0 dominante m\u00e9canique ou mat\u00e9riaux.<br \/>Les candidats devront justifier d\u2019une formation \u00e9quivalente \u00e0 300 ECTS.<\/p>\n<h3>Conditions d\u2019admission<\/h3>\n<p>Sur titre et entretien.<\/p>\n<p>L\u2019admission \u00e0 l\u2019ESFF suppose des connaissances de base dans les domaines de la m\u00e9tallurgie, de la m\u00e9canique et du dessin industriel. Une bonne ma\u00eetrise du fran\u00e7ais est n\u00e9cessaire pour les ing\u00e9nieurs \u00e9trangers niveau B1 minimum. <\/p>\n<p>[\/et_pb_text][\/et_pb_column][et_pb_column type=&#8221;1_3&#8243; _builder_version=&#8221;4.24.0&#8243; _module_preset=&#8221;default&#8221; global_colors_info=&#8221;{}&#8221;][et_pb_text _builder_version=&#8221;4.24.0&#8243; _module_preset=&#8221;default&#8221; global_colors_info=&#8221;{}&#8221;]<\/p>\n<p><strong>La date limite d\u2019envoi de ce formulaire est fix\u00e9e au 31 mai de l\u2019ann\u00e9e universitaire en cours.<\/strong><\/p>\n<p>Une fois le formulaire ci-dessous rempli et envoy\u00e9, vous recevrez un mail pour t\u00e9l\u00e9charger des documents. <\/p>\n<p>Vous aurez besoin d\u2019une fiche d\u2019avis de poursuite d\u2019\u00e9tudes au cas o\u00f9 votre \u00e9tablissement d\u2019origine n\u2019en fournit pas. Si tel est le cas, merci de t\u00e9l\u00e9charger le document en cliquant sur le bouton ci-contre. <\/p>\n<p>[\/et_pb_text][et_pb_button button_url=&#8221;https:\/\/www.esff.fr\/wp-content\/uploads\/2024\/07\/fiche-poursuite-etudes-ESFF.pdf&#8221; button_text=&#8221;Fiche d&#039;avis de poursuite d&#039;\u00e9tude&#8221; module_class=&#8221;small telecharger&#8221; _builder_version=&#8221;4.24.0&#8243; _module_preset=&#8221;default&#8221; global_colors_info=&#8221;{}&#8221;][\/et_pb_button][\/et_pb_column][et_pb_column type=&#8221;1_3&#8243; _builder_version=&#8221;4.24.0&#8243; _module_preset=&#8221;default&#8221; global_colors_info=&#8221;{}&#8221;][et_pb_image src=&#8221;https:\/\/www.esff.fr\/wp-content\/uploads\/2024\/02\/esff_inscription-3.jpg&#8221; title_text=&#8221;esff_registration-3&#8243; _builder_version=&#8221;4.24.0&#8243; _module_preset=&#8221;default&#8221; global_colors_info=&#8221;{}&#8221;][\/et_pb_image][\/et_pb_column][\/et_pb_row][\/et_pb_section]<\/p>\n","protected":false},"excerpt":{"rendered":"<p>RegistrationLes inscriptions pour la rentr\u00e9e 2024-2025 sont closesInscription pour le dipl\u00f4me d\u2019ing\u00e9nieur en convention avec les Arts et M\u00e9tiersLe recrutement des candidats pour la fili\u00e8re ing\u00e9nieur par apprentissage est ouvert aux \u00e9tudiants dipl\u00f4m\u00e9s d\u2019un BAC+2 (BTS, BUT 2, CPGE) ou d\u2019un BAC+3 (Licence L3 et Licence pro, BUT 3 et autres Bachelors. La s\u00e9lection est [&hellip;]<\/p>\n","protected":false},"author":1,"featured_media":0,"parent":0,"menu_order":0,"comment_status":"closed","ping_status":"closed","template":"","meta":{"_acf_changed":false,"_et_pb_use_builder":"on","_et_pb_old_content":"","_et_gb_content_width":"","footnotes":""},"class_list":["post-235847","page","type-page","status-publish","hentry"],"acf":[],"yoast_head":"<!-- This site is optimized with the Yoast SEO plugin v26.9 - https:\/\/yoast.com\/product\/yoast-seo-wordpress\/ -->\n<title>Registration - ESFF - Ecole Sup\u00e9rieure de Fonderie et de Forge<\/title>\n<meta name=\"description\" content=\"Find out now how to register for the diplomas offered by the ESFF for quality training in foundry and forging.\" \/>\n<meta name=\"robots\" content=\"index, follow, max-snippet:-1, max-image-preview:large, max-video-preview:-1\" \/>\n<link rel=\"canonical\" href=\"https:\/\/www.esff.fr\/en\/registration\/\" \/>\n<meta property=\"og:locale\" content=\"en_US\" \/>\n<meta property=\"og:type\" content=\"article\" \/>\n<meta property=\"og:title\" content=\"Registration - ESFF - Ecole Sup\u00e9rieure de Fonderie et de Forge\" \/>\n<meta property=\"og:description\" content=\"Find out now how to register for the diplomas offered by the ESFF for quality training in foundry and forging.\" \/>\n<meta property=\"og:url\" content=\"https:\/\/www.esff.fr\/en\/registration\/\" \/>\n<meta property=\"og:site_name\" content=\"ESFF - Ecole Sup\u00e9rieure de Fonderie et de Forge\" \/>\n<meta property=\"article:modified_time\" content=\"2024-11-18T07:59:12+00:00\" \/>\n<meta name=\"twitter:card\" content=\"summary_large_image\" \/>\n<meta name=\"twitter:label1\" content=\"Est. reading time\" \/>\n\t<meta name=\"twitter:data1\" content=\"10 minutes\" \/>\n<script type=\"application\/ld+json\" class=\"yoast-schema-graph\">{\"@context\":\"https:\/\/schema.org\",\"@graph\":[{\"@type\":\"WebPage\",\"@id\":\"https:\/\/www.esff.fr\/en\/registration\/\",\"url\":\"https:\/\/www.esff.fr\/en\/registration\/\",\"name\":\"Registration - ESFF - Ecole Sup\u00e9rieure de Fonderie et de Forge\",\"isPartOf\":{\"@id\":\"https:\/\/www.esff.fr\/en\/#website\"},\"datePublished\":\"2024-01-23T08:50:51+00:00\",\"dateModified\":\"2024-11-18T07:59:12+00:00\",\"description\":\"Find out now how to register for the diplomas offered by the ESFF for quality training in foundry and forging.\",\"breadcrumb\":{\"@id\":\"https:\/\/www.esff.fr\/en\/registration\/#breadcrumb\"},\"inLanguage\":\"en-US\",\"potentialAction\":[{\"@type\":\"ReadAction\",\"target\":[\"https:\/\/www.esff.fr\/en\/registration\/\"]}]},{\"@type\":\"BreadcrumbList\",\"@id\":\"https:\/\/www.esff.fr\/en\/registration\/#breadcrumb\",\"itemListElement\":[{\"@type\":\"ListItem\",\"position\":1,\"name\":\"Accueil\",\"item\":\"https:\/\/www.esff.fr\/en\/\"},{\"@type\":\"ListItem\",\"position\":2,\"name\":\"Registration\"}]},{\"@type\":\"WebSite\",\"@id\":\"https:\/\/www.esff.fr\/en\/#website\",\"url\":\"https:\/\/www.esff.fr\/en\/\",\"name\":\"ESFF - Ecole Sup\u00e9rieure de Fonderie et de Forge\",\"description\":\"\",\"potentialAction\":[{\"@type\":\"SearchAction\",\"target\":{\"@type\":\"EntryPoint\",\"urlTemplate\":\"https:\/\/www.esff.fr\/en\/?s={search_term_string}\"},\"query-input\":{\"@type\":\"PropertyValueSpecification\",\"valueRequired\":true,\"valueName\":\"search_term_string\"}}],\"inLanguage\":\"en-US\"}]}<\/script>\n<!-- \/ Yoast SEO plugin. -->","yoast_head_json":{"title":"Registration - ESFF - Ecole Sup\u00e9rieure de Fonderie et de Forge","description":"Find out now how to register for the diplomas offered by the ESFF for quality training in foundry and forging.","robots":{"index":"index","follow":"follow","max-snippet":"max-snippet:-1","max-image-preview":"max-image-preview:large","max-video-preview":"max-video-preview:-1"},"canonical":"https:\/\/www.esff.fr\/en\/registration\/","og_locale":"en_US","og_type":"article","og_title":"Registration - ESFF - Ecole Sup\u00e9rieure de Fonderie et de Forge","og_description":"Find out now how to register for the diplomas offered by the ESFF for quality training in foundry and forging.","og_url":"https:\/\/www.esff.fr\/en\/registration\/","og_site_name":"ESFF - Ecole Sup\u00e9rieure de Fonderie et de Forge","article_modified_time":"2024-11-18T07:59:12+00:00","twitter_card":"summary_large_image","twitter_misc":{"Est. reading time":"10 minutes"},"schema":{"@context":"https:\/\/schema.org","@graph":[{"@type":"WebPage","@id":"https:\/\/www.esff.fr\/en\/registration\/","url":"https:\/\/www.esff.fr\/en\/registration\/","name":"Registration - ESFF - Ecole Sup\u00e9rieure de Fonderie et de Forge","isPartOf":{"@id":"https:\/\/www.esff.fr\/en\/#website"},"datePublished":"2024-01-23T08:50:51+00:00","dateModified":"2024-11-18T07:59:12+00:00","description":"Find out now how to register for the diplomas offered by the ESFF for quality training in foundry and forging.","breadcrumb":{"@id":"https:\/\/www.esff.fr\/en\/registration\/#breadcrumb"},"inLanguage":"en-US","potentialAction":[{"@type":"ReadAction","target":["https:\/\/www.esff.fr\/en\/registration\/"]}]},{"@type":"BreadcrumbList","@id":"https:\/\/www.esff.fr\/en\/registration\/#breadcrumb","itemListElement":[{"@type":"ListItem","position":1,"name":"Accueil","item":"https:\/\/www.esff.fr\/en\/"},{"@type":"ListItem","position":2,"name":"Registration"}]},{"@type":"WebSite","@id":"https:\/\/www.esff.fr\/en\/#website","url":"https:\/\/www.esff.fr\/en\/","name":"ESFF - Ecole Sup\u00e9rieure de Fonderie et de Forge","description":"","potentialAction":[{"@type":"SearchAction","target":{"@type":"EntryPoint","urlTemplate":"https:\/\/www.esff.fr\/en\/?s={search_term_string}"},"query-input":{"@type":"PropertyValueSpecification","valueRequired":true,"valueName":"search_term_string"}}],"inLanguage":"en-US"}]}},"_links":{"self":[{"href":"https:\/\/www.esff.fr\/en\/wp-json\/wp\/v2\/pages\/235847","targetHints":{"allow":["GET"]}}],"collection":[{"href":"https:\/\/www.esff.fr\/en\/wp-json\/wp\/v2\/pages"}],"about":[{"href":"https:\/\/www.esff.fr\/en\/wp-json\/wp\/v2\/types\/page"}],"author":[{"embeddable":true,"href":"https:\/\/www.esff.fr\/en\/wp-json\/wp\/v2\/users\/1"}],"replies":[{"embeddable":true,"href":"https:\/\/www.esff.fr\/en\/wp-json\/wp\/v2\/comments?post=235847"}],"version-history":[{"count":2,"href":"https:\/\/www.esff.fr\/en\/wp-json\/wp\/v2\/pages\/235847\/revisions"}],"predecessor-version":[{"id":235849,"href":"https:\/\/www.esff.fr\/en\/wp-json\/wp\/v2\/pages\/235847\/revisions\/235849"}],"wp:attachment":[{"href":"https:\/\/www.esff.fr\/en\/wp-json\/wp\/v2\/media?parent=235847"}],"curies":[{"name":"wp","href":"https:\/\/api.w.org\/{rel}","templated":true}]}}