{"id":235838,"date":"2024-01-19T14:52:25","date_gmt":"2024-01-19T13:52:25","guid":{"rendered":"https:\/\/www.esff.fr\/study\/"},"modified":"2024-11-18T08:21:52","modified_gmt":"2024-11-18T07:21:52","slug":"study","status":"publish","type":"page","link":"https:\/\/www.esff.fr\/en\/study\/","title":{"rendered":"Study"},"content":{"rendered":"<p>[et_pb_section fb_built=&#8221;1&#8243; admin_label=&#8221;Banni\u00e8re&#8221; module_class=&#8221;bandeauPageInt&#8221; _builder_version=&#8221;4.24.0&#8243; _module_preset=&#8221;default&#8221; width=&#8221;100%&#8221; max_width=&#8221;100%&#8221; custom_margin=&#8221;0px|0px|0px|0px|false|false&#8221; custom_padding=&#8221;0px|0px|0px|0px|false|false&#8221; collapsed=&#8221;off&#8221; global_colors_info=&#8221;{}&#8221;][et_pb_row _builder_version=&#8221;4.24.0&#8243; _module_preset=&#8221;default&#8221; width=&#8221;100%&#8221; max_width=&#8221;100%&#8221; custom_margin=&#8221;0px|0px|0px|0px|false|false&#8221; custom_padding=&#8221;0px|0px|0px|0px|false|false&#8221; global_colors_info=&#8221;{}&#8221;][et_pb_column type=&#8221;4_4&#8243; _builder_version=&#8221;4.24.0&#8243; _module_preset=&#8221;default&#8221; global_colors_info=&#8221;{}&#8221;][et_pb_image src=&#8221;https:\/\/www.esff.fr\/wp-content\/uploads\/2024\/02\/esff_metier-bg.jpg&#8221; title_text=&#8221;ESFF&#8221; force_fullwidth=&#8221;on&#8221; _builder_version=&#8221;4.24.0&#8243; _module_preset=&#8221;default&#8221; global_colors_info=&#8221;{}&#8221;][\/et_pb_image][et_pb_text module_class=&#8221;titreBannierePage&#8221; _builder_version=&#8221;4.24.0&#8243; _module_preset=&#8221;default&#8221; header_text_color=&#8221;#FFFFFF&#8221; header_font_size=&#8221;28px&#8221; global_colors_info=&#8221;{}&#8221;]<\/p>\n<h1>Study<\/h1>\n<p>[\/et_pb_text][\/et_pb_column][\/et_pb_row][\/et_pb_section][et_pb_section fb_built=&#8221;1&#8243; admin_label=&#8221;Bloc contenu&#8221; module_class=&#8221;blocBorderColor noBorderRight&#8221; _builder_version=&#8221;4.24.0&#8243; _module_preset=&#8221;default&#8221; positioning=&#8221;none&#8221; global_colors_info=&#8221;{}&#8221;][et_pb_row module_class=&#8221;ligne-t1-t2&#8243; _builder_version=&#8221;4.24.0&#8243; _module_preset=&#8221;default&#8221; width=&#8221;90%&#8221; max_width=&#8221;90%&#8221; custom_margin=&#8221;|0px|||false|false&#8221; global_colors_info=&#8221;{}&#8221;][et_pb_column type=&#8221;4_4&#8243; _builder_version=&#8221;4.24.0&#8243; _module_preset=&#8221;default&#8221; global_colors_info=&#8221;{}&#8221;][et_pb_text admin_label=&#8221;Texte Titre 2&#8243; module_class=&#8221;bloc-titre2 gauche&#8221; _builder_version=&#8221;4.24.0&#8243; _module_preset=&#8221;default&#8221; global_colors_info=&#8221;{}&#8221;]<\/p>\n<h2>Notre offre de formations<\/h2>\n<p>[\/et_pb_text][\/et_pb_column][\/et_pb_row][et_pb_row column_structure=&#8221;2_3,1_3&#8243; use_custom_gutter=&#8221;on&#8221; module_class=&#8221;bordure&#8221; _builder_version=&#8221;4.24.0&#8243; _module_preset=&#8221;default&#8221; width=&#8221;90%&#8221; max_width=&#8221;90%&#8221; custom_margin=&#8221;|0px|||false|false&#8221; global_colors_info=&#8221;{}&#8221;][et_pb_column type=&#8221;2_3&#8243; _builder_version=&#8221;4.24.0&#8243; _module_preset=&#8221;default&#8221; global_colors_info=&#8221;{}&#8221;][et_pb_text _builder_version=&#8221;4.24.0&#8243; _module_preset=&#8221;default&#8221; global_colors_info=&#8221;{}&#8221;]<\/p>\n<h3>L&#8217;\u00e9cole offre deux modes de formation d\u2019ing\u00e9nieurs en partenariat avec les Arts et M\u00e9tiers.<\/h3>\n<ul>\n<li aria-level=\"1\"><strong>Formation d&#8217;ing\u00e9nieurs par apprentissage<\/strong> : Destin\u00e9e aux \u00e9tudiants en BTS, CPGE, licence ou Bachelor, cette formation de 3 ans alterne entre cours acad\u00e9miques (1800 heures au total) et p\u00e9riodes en entreprise. Elle se caract\u00e9rise par des s\u00e9minaires d&#8217;\u00e9tudes industriels et une mobilit\u00e9 internationale de 9 semaines obligatoire.<br \/><a href=\"https:\/\/www.esff.fr\/diplome-dingenieur\/\">En savoir plus sur le dipl\u00f4me d&#8217;ing\u00e9nieur par alternance<\/a><\/li>\n<li aria-level=\"1\"><strong>Formation continue<\/strong> : Destin\u00e9e aux salari\u00e9s ayant 3 ans d&#8217;exp\u00e9rience dans l\u2019industrie m\u00e9canique ou m\u00e9tallurgique. Elle se divise en un cycle pr\u00e9paratoire d&#8217;un an et un cycle terminal de deux ans. Les cours sont identiques \u00e0 ceux des apprentis.<br \/><a href=\"https:\/\/www.esff.fr\/formation-continue\/\">En savoir plus sur la formation continue<\/a><\/li>\n<\/ul>\n<p>[\/et_pb_text][et_pb_text _builder_version=&#8221;4.24.0&#8243; _module_preset=&#8221;default&#8221; global_colors_info=&#8221;{}&#8221;]<\/p>\n<h3>L\u2019\u00e9cole propose un dipl\u00f4me d\u2019\u00e9tablissement dans le cadre d\u2019une ann\u00e9e de sp\u00e9cialisation, formation historique de l\u2019\u00e9cole.<\/h3>\n<ul>\n<li aria-level=\"1\"><strong>Certificat d&#8217;expert en conception et production<\/strong> : Cible les jeunes ing\u00e9nieurs avec un master 2 en m\u00e9canique ou mat\u00e9riaux. Cette formation dure 8 mois \u00e0 l&#8217;ESFF suivis d&#8217;un stage de 4 mois en entreprise. Un parrainage industriel est possible, incluant prise en charge des frais et proposition d&#8217;embauche.<br \/><a href=\"https:\/\/www.esff.fr\/certificat-dexpert\/\">En savoir plus sur le certificat d&#8217;expert<\/a><\/li>\n<\/ul>\n<p>[\/et_pb_text][et_pb_divider show_divider=&#8221;off&#8221; _builder_version=&#8221;4.24.0&#8243; _module_preset=&#8221;default&#8221; height=&#8221;20px&#8221; global_colors_info=&#8221;{}&#8221;][\/et_pb_divider][et_pb_text _builder_version=&#8221;4.24.0&#8243; _module_preset=&#8221;default&#8221; global_colors_info=&#8221;{}&#8221;]<\/p>\n<blockquote>\n<p><strong>Chaque programme a ses propres crit\u00e8res d&#8217;admission et objectifs, tout en offrant une formation compl\u00e8te et adapt\u00e9e aux besoins sp\u00e9cifiques des participants.<\/strong><\/p>\n<\/blockquote>\n<p>[\/et_pb_text][\/et_pb_column][et_pb_column type=&#8221;1_3&#8243; _builder_version=&#8221;4.24.0&#8243; _module_preset=&#8221;default&#8221; global_colors_info=&#8221;{}&#8221;][et_pb_image src=&#8221;https:\/\/www.esff.fr\/wp-content\/uploads\/2024\/02\/esff-etablissement-2.jpg&#8221; title_text=&#8221;ESFF&#8221; _builder_version=&#8221;4.24.0&#8243; _module_preset=&#8221;default&#8221; global_colors_info=&#8221;{}&#8221;][\/et_pb_image][\/et_pb_column][\/et_pb_row][\/et_pb_section]<\/p>\n","protected":false},"excerpt":{"rendered":"<p>StudyNotre offre de formationsL&#8217;\u00e9cole offre deux modes de formation d\u2019ing\u00e9nieurs en partenariat avec les Arts et M\u00e9tiers. Formation d&#8217;ing\u00e9nieurs par apprentissage : Destin\u00e9e aux \u00e9tudiants en BTS, CPGE, licence ou Bachelor, cette formation de 3 ans alterne entre cours acad\u00e9miques (1800 heures au total) et p\u00e9riodes en entreprise. Elle se caract\u00e9rise par des s\u00e9minaires d&#8217;\u00e9tudes [&hellip;]<\/p>\n","protected":false},"author":1,"featured_media":0,"parent":0,"menu_order":0,"comment_status":"closed","ping_status":"closed","template":"","meta":{"_acf_changed":false,"_et_pb_use_builder":"on","_et_pb_old_content":"","_et_gb_content_width":"","footnotes":""},"class_list":["post-235838","page","type-page","status-publish","hentry"],"acf":[],"yoast_head":"<!-- This site is optimized with the Yoast SEO plugin v26.9 - https:\/\/yoast.com\/product\/yoast-seo-wordpress\/ -->\n<title>Study - ESFF - Ecole Sup\u00e9rieure de Fonderie et de Forge<\/title>\n<meta name=\"description\" content=\"D\u00e9couvrez nos parcours : formation d\u2019ing\u00e9nieurs par apprentissage, continue, et certificat d\u2019expert en conception et production.\" \/>\n<meta name=\"robots\" content=\"index, follow, max-snippet:-1, max-image-preview:large, max-video-preview:-1\" \/>\n<link rel=\"canonical\" href=\"https:\/\/www.esff.fr\/en\/study\/\" \/>\n<meta property=\"og:locale\" content=\"en_US\" \/>\n<meta property=\"og:type\" content=\"article\" \/>\n<meta property=\"og:title\" content=\"Study - ESFF - Ecole Sup\u00e9rieure de Fonderie et de Forge\" \/>\n<meta property=\"og:description\" content=\"D\u00e9couvrez nos parcours : formation d\u2019ing\u00e9nieurs par apprentissage, continue, et certificat d\u2019expert en conception et production.\" \/>\n<meta property=\"og:url\" content=\"https:\/\/www.esff.fr\/en\/study\/\" \/>\n<meta property=\"og:site_name\" content=\"ESFF - Ecole Sup\u00e9rieure de Fonderie et de Forge\" \/>\n<meta property=\"article:modified_time\" content=\"2024-11-18T07:21:52+00:00\" \/>\n<meta name=\"twitter:card\" content=\"summary_large_image\" \/>\n<meta name=\"twitter:label1\" content=\"Est. reading time\" \/>\n\t<meta name=\"twitter:data1\" content=\"3 minutes\" \/>\n<script type=\"application\/ld+json\" class=\"yoast-schema-graph\">{\"@context\":\"https:\/\/schema.org\",\"@graph\":[{\"@type\":\"WebPage\",\"@id\":\"https:\/\/www.esff.fr\/en\/study\/\",\"url\":\"https:\/\/www.esff.fr\/en\/study\/\",\"name\":\"Study - ESFF - Ecole Sup\u00e9rieure de Fonderie et de Forge\",\"isPartOf\":{\"@id\":\"https:\/\/www.esff.fr\/en\/#website\"},\"datePublished\":\"2024-01-19T13:52:25+00:00\",\"dateModified\":\"2024-11-18T07:21:52+00:00\",\"description\":\"D\u00e9couvrez nos parcours : formation d\u2019ing\u00e9nieurs par apprentissage, continue, et certificat d\u2019expert en conception et production.\",\"breadcrumb\":{\"@id\":\"https:\/\/www.esff.fr\/en\/study\/#breadcrumb\"},\"inLanguage\":\"en-US\",\"potentialAction\":[{\"@type\":\"ReadAction\",\"target\":[\"https:\/\/www.esff.fr\/en\/study\/\"]}]},{\"@type\":\"BreadcrumbList\",\"@id\":\"https:\/\/www.esff.fr\/en\/study\/#breadcrumb\",\"itemListElement\":[{\"@type\":\"ListItem\",\"position\":1,\"name\":\"Accueil\",\"item\":\"https:\/\/www.esff.fr\/en\/\"},{\"@type\":\"ListItem\",\"position\":2,\"name\":\"Study\"}]},{\"@type\":\"WebSite\",\"@id\":\"https:\/\/www.esff.fr\/en\/#website\",\"url\":\"https:\/\/www.esff.fr\/en\/\",\"name\":\"ESFF - Ecole Sup\u00e9rieure de Fonderie et de Forge\",\"description\":\"\",\"potentialAction\":[{\"@type\":\"SearchAction\",\"target\":{\"@type\":\"EntryPoint\",\"urlTemplate\":\"https:\/\/www.esff.fr\/en\/?s={search_term_string}\"},\"query-input\":{\"@type\":\"PropertyValueSpecification\",\"valueRequired\":true,\"valueName\":\"search_term_string\"}}],\"inLanguage\":\"en-US\"}]}<\/script>\n<!-- \/ Yoast SEO plugin. -->","yoast_head_json":{"title":"Study - ESFF - Ecole Sup\u00e9rieure de Fonderie et de Forge","description":"D\u00e9couvrez nos parcours : formation d\u2019ing\u00e9nieurs par apprentissage, continue, et certificat d\u2019expert en conception et production.","robots":{"index":"index","follow":"follow","max-snippet":"max-snippet:-1","max-image-preview":"max-image-preview:large","max-video-preview":"max-video-preview:-1"},"canonical":"https:\/\/www.esff.fr\/en\/study\/","og_locale":"en_US","og_type":"article","og_title":"Study - ESFF - Ecole Sup\u00e9rieure de Fonderie et de Forge","og_description":"D\u00e9couvrez nos parcours : formation d\u2019ing\u00e9nieurs par apprentissage, continue, et certificat d\u2019expert en conception et production.","og_url":"https:\/\/www.esff.fr\/en\/study\/","og_site_name":"ESFF - Ecole Sup\u00e9rieure de Fonderie et de Forge","article_modified_time":"2024-11-18T07:21:52+00:00","twitter_card":"summary_large_image","twitter_misc":{"Est. reading time":"3 minutes"},"schema":{"@context":"https:\/\/schema.org","@graph":[{"@type":"WebPage","@id":"https:\/\/www.esff.fr\/en\/study\/","url":"https:\/\/www.esff.fr\/en\/study\/","name":"Study - ESFF - Ecole Sup\u00e9rieure de Fonderie et de Forge","isPartOf":{"@id":"https:\/\/www.esff.fr\/en\/#website"},"datePublished":"2024-01-19T13:52:25+00:00","dateModified":"2024-11-18T07:21:52+00:00","description":"D\u00e9couvrez nos parcours : formation d\u2019ing\u00e9nieurs par apprentissage, continue, et certificat d\u2019expert en conception et production.","breadcrumb":{"@id":"https:\/\/www.esff.fr\/en\/study\/#breadcrumb"},"inLanguage":"en-US","potentialAction":[{"@type":"ReadAction","target":["https:\/\/www.esff.fr\/en\/study\/"]}]},{"@type":"BreadcrumbList","@id":"https:\/\/www.esff.fr\/en\/study\/#breadcrumb","itemListElement":[{"@type":"ListItem","position":1,"name":"Accueil","item":"https:\/\/www.esff.fr\/en\/"},{"@type":"ListItem","position":2,"name":"Study"}]},{"@type":"WebSite","@id":"https:\/\/www.esff.fr\/en\/#website","url":"https:\/\/www.esff.fr\/en\/","name":"ESFF - Ecole Sup\u00e9rieure de Fonderie et de Forge","description":"","potentialAction":[{"@type":"SearchAction","target":{"@type":"EntryPoint","urlTemplate":"https:\/\/www.esff.fr\/en\/?s={search_term_string}"},"query-input":{"@type":"PropertyValueSpecification","valueRequired":true,"valueName":"search_term_string"}}],"inLanguage":"en-US"}]}},"_links":{"self":[{"href":"https:\/\/www.esff.fr\/en\/wp-json\/wp\/v2\/pages\/235838","targetHints":{"allow":["GET"]}}],"collection":[{"href":"https:\/\/www.esff.fr\/en\/wp-json\/wp\/v2\/pages"}],"about":[{"href":"https:\/\/www.esff.fr\/en\/wp-json\/wp\/v2\/types\/page"}],"author":[{"embeddable":true,"href":"https:\/\/www.esff.fr\/en\/wp-json\/wp\/v2\/users\/1"}],"replies":[{"embeddable":true,"href":"https:\/\/www.esff.fr\/en\/wp-json\/wp\/v2\/comments?post=235838"}],"version-history":[{"count":2,"href":"https:\/\/www.esff.fr\/en\/wp-json\/wp\/v2\/pages\/235838\/revisions"}],"predecessor-version":[{"id":235840,"href":"https:\/\/www.esff.fr\/en\/wp-json\/wp\/v2\/pages\/235838\/revisions\/235840"}],"wp:attachment":[{"href":"https:\/\/www.esff.fr\/en\/wp-json\/wp\/v2\/media?parent=235838"}],"curies":[{"name":"wp","href":"https:\/\/api.w.org\/{rel}","templated":true}]}}